{"id":129,"date":"2020-12-01T10:33:38","date_gmt":"2020-12-01T09:33:38","guid":{"rendered":"http:\/\/www.djk-feudenheim.de\/Triathlon\/test_lore\/wordpress\/?page_id=129"},"modified":"2022-04-30T12:26:46","modified_gmt":"2022-04-30T10:26:46","slug":"radeln","status":"publish","type":"page","link":"https:\/\/www.djk-feudenheim.de\/Triathlon\/radeln\/","title":{"rendered":"Radeln"},"content":{"rendered":"\n<h4 class=\"wp-block-heading\" id=\"informationen-zum-radtraining\">Informationen zum Radtraining <\/h4>\n\n\n\n<figure class=\"wp-block-image\"><img decoding=\"async\" src=\"https:\/\/www.djk-feudenheim.de\/Triathlon\/daten\/2015_Trainingslager.jpg\" alt=\"Trainingslager 2015\"\/><figcaption> <em>Trainingslager 2015 auf Mallorca mit Peter Brandm\u00fclle<\/em>r<br><\/figcaption><\/figure>\n\n\n\n<p>\u00dcber eine WhatsApp-Gruppe (Ansprechpartner:  J\u00fcrgen Knapp, siehe <a href=\"http:\/\/www.djk-feudenheim.de\/Triathlon\/kontakt\" target=\"_blank\" rel=\"noreferrer noopener\">Kontakt<\/a> ) finden sich das ganze Jahr \u00fcber verschiedene Gruppen zusammen, die sich je nach Wetter und Trainingszweck abends und an den Wochenenden zu gemeinsamen Ausfahrten verabreden.<br> <\/p>\n\n\n\n<p>Um neue Strecken kennenzulernen, ohne mit Karten oder GPS hantieren zu m\u00fcssen, bieten sich ausgeschilderte Rad-Touristik-Fahrten (RTF) an, die von Radvereinen mit geringer Teilnahmegeb\u00fchr angeboten werden. Die Ausschreibungen f\u00fcr diese Touren findet Ihr  <a href=\"https:\/\/www.rad-net.de\/breitensportkalender.htm\" target=\"_blank\" rel=\"noreferrer noopener\">hier <\/a> .<\/p>\n","protected":false},"excerpt":{"rendered":"<p>Informationen zum Radtraining \u00dcber eine WhatsApp-Gruppe (Ansprechpartner: J\u00fcrgen Knapp, siehe Kontakt ) finden sich das ganze Jahr \u00fcber verschiedene Gruppen zusammen, die sich je nach Wetter und Trainingszweck abends und an den Wochenenden zu gemeinsamen Ausfahrten verabreden. Um neue Strecken kennenzulernen, ohne mit Karten oder GPS hantieren zu m\u00fcssen, bieten sich ausgeschilderte Rad-Touristik-Fahrten (RTF) an, [&hellip;]<\/p>\n","protected":false},"author":1,"featured_media":0,"parent":0,"menu_order":0,"comment_status":"closed","ping_status":"closed","template":"","meta":{"footnotes":""},"class_list":["post-129","page","type-page","status-publish","hentry"],"_links":{"self":[{"href":"https:\/\/www.djk-feudenheim.de\/Triathlon\/wp-json\/wp\/v2\/pages\/129","targetHints":{"allow":["GET"]}}],"collection":[{"href":"https:\/\/www.djk-feudenheim.de\/Triathlon\/wp-json\/wp\/v2\/pages"}],"about":[{"href":"https:\/\/www.djk-feudenheim.de\/Triathlon\/wp-json\/wp\/v2\/types\/page"}],"author":[{"embeddable":true,"href":"https:\/\/www.djk-feudenheim.de\/Triathlon\/wp-json\/wp\/v2\/users\/1"}],"replies":[{"embeddable":true,"href":"https:\/\/www.djk-feudenheim.de\/Triathlon\/wp-json\/wp\/v2\/comments?post=129"}],"version-history":[{"count":12,"href":"https:\/\/www.djk-feudenheim.de\/Triathlon\/wp-json\/wp\/v2\/pages\/129\/revisions"}],"predecessor-version":[{"id":1033,"href":"https:\/\/www.djk-feudenheim.de\/Triathlon\/wp-json\/wp\/v2\/pages\/129\/revisions\/1033"}],"wp:attachment":[{"href":"https:\/\/www.djk-feudenheim.de\/Triathlon\/wp-json\/wp\/v2\/media?parent=129"}],"curies":[{"name":"wp","href":"https:\/\/api.w.org\/{rel}","templated":true}]}}