{"id":150,"date":"2020-12-01T10:40:47","date_gmt":"2020-12-01T09:40:47","guid":{"rendered":"http:\/\/www.djk-feudenheim.de\/Triathlon\/test_lore\/wordpress\/?page_id=150"},"modified":"2024-12-06T21:52:44","modified_gmt":"2024-12-06T20:52:44","slug":"djk-feudenheim-triathlon","status":"publish","type":"page","link":"https:\/\/www.djk-feudenheim.de\/Triathlon\/","title":{"rendered":"DJK Feudenheim &#8211; Triathlon in Mannheim"},"content":{"rendered":"\n<p class=\"has-drop-cap\">Die DJK Feudenheim bietet <strong>Triathlon in Mannheim<\/strong> an. Wir sind eine bunte Truppe von Erwachsenen im Alter zwischen 20 und 70 Jahren.<br> Uns verbindet die gemeinsame Freude am Betreiben von Ausdauersport. Dabei verfolgen wir teilweise ganz unterschiedliche Zielsetzungen. Von Anf\u00e4ngern in allen drei Sportarten \u00fcber Gesundheitsschwimmer, wasserscheue Radfans, reine L\u00e4ufer und Gelegenheits-Triathleten bis zu Ironman- und Ultratrail-Spezialisten kann sich jeder bei uns wohlf\u00fchlen. Unsere Trainingsangebote und -gruppen bieten f\u00fcr jeden Triathlon-Sportler etwas, ohne Zwang zur Teilnahme an bestimmten Veranstaltungen.<\/p>\n\n\n\n<h2 class=\"wp-block-heading\">Viel Spa\u00df beim Triathlon in Mannheim<\/h2>\n\n\n\n<p class=\"has-drop-cap\">Fixpunkte jeder Saison sind f\u00fcr uns die Ausrichtung des <a href=\"https:\/\/www.djk-feudenheim.de\/Herbstlauf\/\" target=\"_blank\" data-type=\"URL\" data-id=\"https:\/\/www.djk-feudenheim.de\/Herbstlauf\/\" rel=\"noreferrer noopener\">Feudenheimer Herbstlaufs<\/a> im Oktober sowie die Mithilfe beim Mannheim-Marathon. Dabei erleben wir im Team, wie viel Spa\u00df es machen kann, anderen den Sport zu erm\u00f6glichen, den wir auch selbst so gern betreiben. <br>Dar\u00fcberhinaus treffen wir uns auch gerne gem\u00fctlich in Mannheim, bei einem Brunch im Sommer, f\u00fcr ein Grillfest im Herbst oder auf einen Gl\u00fchwein im Dezember.<\/p>\n\n\n\n<p> Das untenstehende Bild entstand 2013 bei der Feier zu unserem 20-j\u00e4hrigen Abteilungsjubil\u00e4um vor unserem Vereinshaus in Mannheim-Feudenheim.<\/p>\n\n\n\n<figure class=\"wp-block-image size-full\"><img loading=\"lazy\" decoding=\"async\" width=\"700\" height=\"315\" src=\"https:\/\/www.djk-feudenheim.de\/Triathlon\/wp-content\/uploads\/triathlon-mannheim.jpg\" alt=\"Triathlon Mannheim\" class=\"wp-image-1072\" title=\"Die DJK Feudenheim bietet Triathlon in Mannheim an.\" srcset=\"https:\/\/www.djk-feudenheim.de\/Triathlon\/wp-content\/uploads\/triathlon-mannheim.jpg 700w, https:\/\/www.djk-feudenheim.de\/Triathlon\/wp-content\/uploads\/triathlon-mannheim-300x135.jpg 300w, https:\/\/www.djk-feudenheim.de\/Triathlon\/wp-content\/uploads\/triathlon-mannheim-150x68.jpg 150w\" sizes=\"auto, (max-width: 700px) 100vw, 700px\" \/><figcaption class=\"wp-element-caption\">Die Triathlon-Abteilung der DJK Feudenheim in Mannheim.<\/figcaption><\/figure>\n\n\n\n<h2 class=\"wp-block-heading\">Letzte Meldungen<\/h2>\n\n\n\n<div class=\"wp-block-query is-layout-flow wp-block-query-is-layout-flow\"><ul class=\"wp-block-post-template is-layout-flow wp-block-post-template-is-layout-flow\"><li class=\"wp-block-post post-1276 post type-post status-publish format-standard hentry category-aktuelles tag-104 tag-angebote tag-laufkurs tag-seckenheim tag-sommer tag-training tag-weinheim\">\n<h2 class=\"wp-block-post-title\"><a href=\"https:\/\/www.djk-feudenheim.de\/Triathlon\/beginn-des-sommerlauftrainings\/\" target=\"_self\">Beginn des Sommerlauftrainings<\/a><\/h2>\n\n\n\n<div class=\"wp-block-post-excerpt\"><p class=\"wp-block-post-excerpt__excerpt\">Die Sommerzeitumstellung ist vollzogen und somit \u00e4ndert sich wie jedes Jahr der Trainingsplan der Laufgruppe ein wenig. Dienstag 18:00h ab DJK-Gel\u00e4ndeDonnerstag 18:30h ab Bodelschwingh-Heim in Weinheim durch den Exotenwaldneu: Freitag 18:30h ab OEG-Bahnhof Seckenheim Die Trainigszeiten gelten in der oben genannten Form ab dem 31.03.2026 bis zum Beginn des Laufkurses am 21.07.2026. Das Training am&hellip; <\/p><\/div>\n\n\n<hr class=\"wp-block-separator has-css-opacity\"\/>\n\n\n<div class=\"wp-block-post-date\"><time datetime=\"2026-03-30T23:37:54+02:00\">30. M\u00e4rz 2026<\/time><\/div>\n<\/li><li class=\"wp-block-post post-1272 post type-post status-publish format-standard hentry category-bericht category-aktuelles tag-10km tag-familienevent tag-schwetzingen tag-spargellauf tag-wettkampf\">\n<h2 class=\"wp-block-post-title\"><a href=\"https:\/\/www.djk-feudenheim.de\/Triathlon\/spargellauf-schwetzingen-2025\/\" target=\"_self\">Spargellauf Schwetzingen 2026<\/a><\/h2>\n\n\n\n<div class=\"wp-block-post-excerpt\"><p class=\"wp-block-post-excerpt__excerpt\">Klein aber fein, so l\u00e4sst sich der Spargellauf in Schwetzignen vor den Toren Mannheims beschreiben. Unser sonst Ultra-L\u00e4ufer Kai hat in seiner Heimatstadt den Test gemacht ob es auch \u00fcber kurze Distanzen Freude macht zu laufen. Fazit: Unbedingt empfehlenswert wenn das Laufen auch ein Familienevent sein soll. Die Sohnem\u00e4nner haben \u00fcber die 1,2km und 5km&hellip; <\/p><\/div>\n\n\n<hr class=\"wp-block-separator has-css-opacity\"\/>\n\n\n<div class=\"wp-block-post-date\"><time datetime=\"2026-03-30T23:33:28+02:00\">30. M\u00e4rz 2026<\/time><\/div>\n<\/li><li class=\"wp-block-post post-1269 post type-post status-publish format-standard hentry category-aktuelles category-bericht tag-bad-duerkheim tag-leutershausen tag-lt-hembach tag-marathon tag-rheintalquerung\">\n<h2 class=\"wp-block-post-title\"><a href=\"https:\/\/www.djk-feudenheim.de\/Triathlon\/rheintalquerung-2026\/\" target=\"_self\">Rheintalquerung 2026<\/a><\/h2>\n\n\n\n<div class=\"wp-block-post-excerpt\"><p class=\"wp-block-post-excerpt__excerpt\">Die Rheintalquerung 2026 fand am 21.02.2026 statt. Wie \u00fcblich bildet der lockere Lauf als Gruppe f\u00fcr die Laufgruppe den Saisonauftakt. Eingeladen sind dabei nat\u00fcrlich nicht nur DJK-Mitglieder sondern alle Freunde des Langstreckenlaufs. Die Rheintalquerung wird durch die DJK Feudenheim und den LT Hemsbach in Kooperation ausgerichtet. Die Strecke f\u00fchrt dabei von Leutershausen nach Bad D\u00fcrkheim&hellip; <\/p><\/div>\n\n\n<hr class=\"wp-block-separator has-css-opacity\"\/>\n\n\n<div class=\"wp-block-post-date\"><time datetime=\"2026-02-22T18:48:32+01:00\">22. Februar 2026<\/time><\/div>\n<\/li><\/ul><\/div>\n","protected":false},"excerpt":{"rendered":"<p>Die DJK Feudenheim bietet Triathlon in Mannheim an. Wir sind eine bunte Truppe von Erwachsenen im Alter zwischen 20 und 70 Jahren. Uns verbindet die gemeinsame Freude am Betreiben von Ausdauersport. Dabei verfolgen wir teilweise ganz unterschiedliche Zielsetzungen. Von Anf\u00e4ngern in allen drei Sportarten \u00fcber Gesundheitsschwimmer, wasserscheue Radfans, reine L\u00e4ufer und Gelegenheits-Triathleten bis zu Ironman- [&hellip;]<\/p>\n","protected":false},"author":1,"featured_media":0,"parent":0,"menu_order":0,"comment_status":"closed","ping_status":"closed","template":"","meta":{"footnotes":""},"class_list":["post-150","page","type-page","status-publish","hentry"],"_links":{"self":[{"href":"https:\/\/www.djk-feudenheim.de\/Triathlon\/wp-json\/wp\/v2\/pages\/150","targetHints":{"allow":["GET"]}}],"collection":[{"href":"https:\/\/www.djk-feudenheim.de\/Triathlon\/wp-json\/wp\/v2\/pages"}],"about":[{"href":"https:\/\/www.djk-feudenheim.de\/Triathlon\/wp-json\/wp\/v2\/types\/page"}],"author":[{"embeddable":true,"href":"https:\/\/www.djk-feudenheim.de\/Triathlon\/wp-json\/wp\/v2\/users\/1"}],"replies":[{"embeddable":true,"href":"https:\/\/www.djk-feudenheim.de\/Triathlon\/wp-json\/wp\/v2\/comments?post=150"}],"version-history":[{"count":25,"href":"https:\/\/www.djk-feudenheim.de\/Triathlon\/wp-json\/wp\/v2\/pages\/150\/revisions"}],"predecessor-version":[{"id":1193,"href":"https:\/\/www.djk-feudenheim.de\/Triathlon\/wp-json\/wp\/v2\/pages\/150\/revisions\/1193"}],"wp:attachment":[{"href":"https:\/\/www.djk-feudenheim.de\/Triathlon\/wp-json\/wp\/v2\/media?parent=150"}],"curies":[{"name":"wp","href":"https:\/\/api.w.org\/{rel}","templated":true}]}}