{"id":203,"date":"2021-02-17T18:20:16","date_gmt":"2021-02-17T17:20:16","guid":{"rendered":"http:\/\/www.djk-feudenheim.de\/Triathlon\/test_lore\/wordpress\/?page_id=203"},"modified":"2022-03-09T17:03:42","modified_gmt":"2022-03-09T16:03:42","slug":"abteilungsbeitrag","status":"publish","type":"page","link":"https:\/\/www.djk-feudenheim.de\/Triathlon\/abteilungsbeitrag\/","title":{"rendered":"Abteilungsbeitrag"},"content":{"rendered":"\n<h4 class=\"wp-block-heading\">\u00dcbersicht der Vereinsbeitr\u00e4ge der DJK Feudenheim f\u00fcr Mitglieder der Triathlonabteilung<\/h4>\n\n\n\n<h5 class=\"wp-block-heading\" id=\"jahresbeitrag-pro-person\">Jahresbeitrag pro Person<br>\n<\/h5>\n\n\n\n<figure class=\"wp-block-table\"><table><tbody><tr><td>Beitragsgruppe A: Kinder und Jugendliche bis 18 J., <br>&nbsp;&nbsp;&nbsp;&nbsp; Sch\u00fcler und Studenten \u00fcber 18 J. mit Nachweis<\/td><td class=\"has-text-align-right\" data-align=\"right\"> 88,00 Euro<\/td><\/tr><tr><td>Beitragsgruppe B: Erwachsene<\/td><td class=\"has-text-align-right\" data-align=\"right\">115,00 Euro<\/td><\/tr><tr><td>Beitragsgruppe C: Passive<\/td><td class=\"has-text-align-right\" data-align=\"right\"> 40,00 Euro<\/td><\/tr><\/tbody><\/table><\/figure>\n","protected":false},"excerpt":{"rendered":"<p>\u00dcbersicht der Vereinsbeitr\u00e4ge der DJK Feudenheim f\u00fcr Mitglieder der Triathlonabteilung Jahresbeitrag pro Person Beitragsgruppe A: Kinder und Jugendliche bis 18 J., &nbsp;&nbsp;&nbsp;&nbsp; Sch\u00fcler und Studenten \u00fcber 18 J. mit Nachweis 88,00 Euro Beitragsgruppe B: Erwachsene 115,00 Euro Beitragsgruppe C: Passive 40,00 Euro<\/p>\n","protected":false},"author":1,"featured_media":0,"parent":0,"menu_order":0,"comment_status":"closed","ping_status":"closed","template":"","meta":{"footnotes":""},"class_list":["post-203","page","type-page","status-publish","hentry"],"_links":{"self":[{"href":"https:\/\/www.djk-feudenheim.de\/Triathlon\/wp-json\/wp\/v2\/pages\/203","targetHints":{"allow":["GET"]}}],"collection":[{"href":"https:\/\/www.djk-feudenheim.de\/Triathlon\/wp-json\/wp\/v2\/pages"}],"about":[{"href":"https:\/\/www.djk-feudenheim.de\/Triathlon\/wp-json\/wp\/v2\/types\/page"}],"author":[{"embeddable":true,"href":"https:\/\/www.djk-feudenheim.de\/Triathlon\/wp-json\/wp\/v2\/users\/1"}],"replies":[{"embeddable":true,"href":"https:\/\/www.djk-feudenheim.de\/Triathlon\/wp-json\/wp\/v2\/comments?post=203"}],"version-history":[{"count":20,"href":"https:\/\/www.djk-feudenheim.de\/Triathlon\/wp-json\/wp\/v2\/pages\/203\/revisions"}],"predecessor-version":[{"id":933,"href":"https:\/\/www.djk-feudenheim.de\/Triathlon\/wp-json\/wp\/v2\/pages\/203\/revisions\/933"}],"wp:attachment":[{"href":"https:\/\/www.djk-feudenheim.de\/Triathlon\/wp-json\/wp\/v2\/media?parent=203"}],"curies":[{"name":"wp","href":"https:\/\/api.w.org\/{rel}","templated":true}]}}