{"id":630,"date":"2022-02-09T11:49:50","date_gmt":"2022-02-09T10:49:50","guid":{"rendered":"https:\/\/www.djk-feudenheim.de\/Triathlon\/test_lore\/wordpress\/?page_id=630"},"modified":"2022-04-30T11:58:58","modified_gmt":"2022-04-30T09:58:58","slug":"2007-heidelberg-christiane","status":"publish","type":"page","link":"https:\/\/www.djk-feudenheim.de\/Triathlon\/2007-heidelberg-christiane\/","title":{"rendered":"Heidelbergman 2007 &#8211; Bericht einer Kampfrichterin"},"content":{"rendered":"\n<p><img decoding=\"async\" src=\"https:\/\/www.djk-feudenheim.de\/Triathlon\/daten\/bilder_zu_berichten\/triathlon-heidelberg-man-2008-01.jpg\" vspace=\"10\" hspace=\"10\" align=\"left\"> Wir treffen uns bereits um 06:30 Uhr an der Wechsel-Zone, besprechen die Eins\u00e4tze und gehen nochmals die Ausschreibung durch. Und dann nat\u00fcrlich die Kl\u00e4rung der wichtigsten Frage: Neo, ja oder nein? Die Wasser-Temperatur betr\u00e4gt 21,8\u00b0C, ein ganz klares JA!, die Grenze f\u00fcr eine olympische Distanz sind 21,9\u00b0C. Und schon kommen die ersten Triathleten zum Einchecken: Der Helm wird auf Passform und Besch\u00e4digungen kontrolliert, das Rad auf offene Lenkerrohre wegen der erh\u00f6hten Verletzungsgefahr bei St\u00fcrzen. Und die Stopfen gehen schnell mal verloren, zum Gl\u00fcck f\u00fcr etliche Teilnehmer hat Marion Weinkorken und ein Taschenmesser dabei, w\u00e4hrend ich mit Schraubverschl\u00fcssen eingedeckt bin. Ansonsten h\u00e4tten wir einige wieder wegschicken m\u00fcssen mit der Auflage, den Mangel zu beheben. Alle sind einsichtig, es gibt keine unn\u00f6tigen Diskussionen.<\/p>\n\n\n\n<p>Um 08:15 ist der Check-In beendet. Wir k\u00f6nnen etwas verschnaufen, einen Kaffee trinken, Getr\u00e4nke- und Essensgutscheine bekommen wir vom Veranstalter sowie eine Tagespauschale von 25 Euro, die Fahrtkosten \u00fcbernimmt der BWTV. Und schon ist der Startschuss erfolgt, wir verteilen uns auf unsere Posten. Ich bin heute in der Radwechselzone eingesetzt, meine Aufgabe ist es nun, darauf zu achten, dass niemand den anderen mit Absicht behindert, dass die Helme geschlossen sind bevor die Athleten das Rad aus der Wechselzone schieben. Und sollte jemand seine Schwimmbrille, Badem\u00fctze oder \u00e4hnliches einfach irgendwohin werfen, ist ein kleines Gespr\u00e4ch angesagt, um den dadurch gewonnen Zeitausgleich wieder r\u00fcckg\u00e4ngig zu machen. Doch bald schon gleicht die Wechselzone einem Irrenhaus, es ist fast nicht m\u00f6glich, in diesem Tohuwabohu noch den \u00dcberblick zu bewahren. Trotzdem entdecke ich zwei Triathleten, die im Eifer des Gefechtes ohne Startnummer davon wollen und bei einer weiteren Triathletin ist die Kette unten. Ich bin ihr behilflich. Eigentlich m\u00fcssen wir Kampfrichter neutral sein, aber jeder von uns dr\u00fcckt zwischendurch mal ein Auge zu. Und jetzt muss ich doch schmunzeln. Einer der letzten, welcher die Wechselzone verlassen m\u00f6chte, entdeckt pl\u00f6tzlich, dass er noch sein gro\u00dfes, schweres B\u00fcgelschloss am Lenker h\u00e4ngen hat. Er steht relativ verwirrt da mit dem Schloss in der Hand, ich kann nicht anders, ich nehme ihm das Schloss ab und bringe es zu seinem Platz zur\u00fcck. Und w\u00e4hrend der letzte Schwimmer sich noch hingebungsvoll zwischen den Zehen abtrocknet, treffe ich mich mit den anderen, der zweite Ansturm ist gl\u00fccklich \u00fcberwunden.<\/p>\n\n\n\n<p>Eine knappe Stunde sp\u00e4ter bin ich wieder beim Einsatz. Jetzt ist es vor Allem wichtig, dass keiner den Helm \u00f6ffnet bevor das Fahrrad auf der Stange h\u00e4ngt \u2013 und dass keiner abk\u00fcrzt. Gerade bei den Ersten des Feldes passiert es schnell, dass sie einfach quer durch die Wechselzone laufen, da nur wenige R\u00e4der den Weg versperren. Und ich muss tats\u00e4chlich einige zur\u00fcckpfeifen, unter anderem mit Bernd einen aus dem eigenen Verein und mit Derk einen Arbeitskollegen. Aber ich kann und will keine Ausnahmen machen! Zwischendurch erkl\u00e4re ich noch einigen Zuschauern die wichtigsten Regeln. Ich bin froh, als die gro\u00dfe Masse ankommt und Abk\u00fcrzungen nicht mehr machbar sind. Daf\u00fcr k\u00f6nnte ich jetzt die Schallplatte mit dem Titel \u201eStartnummer nach vorne!!\u201c auflegen&#8230;<\/p>\n\n\n\n<p>Kurz vor 13:00 haben wir Besprechung. Zun\u00e4chst allgemein die Diskussion \u00fcber das Windschattenfahren. Inzwischen ist bei der meisten Wettk\u00e4mpfen durch die gro\u00dfe Teilnehmerdichte eine Pulkbildung eigentlich unvermeidbar. Sei es beim Kraichgau-Triathlon, wo innerhalb von 5 Minuten 200 Athleten gleichzeitig auf die Radstrecke gehen oder hier in Heidelberg, wo sich mit den Staffelteilnehmern auf der 15-km-Runde auf dem K\u00f6nigsstuhl fast 800 Radfahrer befinden. Die Meinungen gehen auseinander. W\u00e4hrend die einen am liebsten nur noch bei 1000% sicheren Situationen Zeitstrafen geben w\u00fcrden, w\u00fcrden die anderen gerne mindestens 50 schwarze Karten verteilen in der Hoffnung, dass es danach beim Veranstalter Beschwerden hagelt \u00fcber die Startmodalit\u00e4ten. Schon mit Wellenstarts k\u00f6nnte man das Ganze entzerren, aber dann w\u00e4re es nicht mehr so zuschauerfreundlich. Und eine Reduzierung der Teilnehmerzahl ist auch nicht realistisch. Ich bin gespannt, wie dieses Problem gel\u00f6st werden wird. Dann muss noch das offizielle Formular f\u00fcr den BWTV ausgef\u00fcllt werden: Wassertemperatur, Bojen, Begleitboote, Streckenposten, Verpflegung, Kilometerangaben, F\u00fchrungsfahrzeug, Besenwagen, Rettungsfahrzeuge, Verwarnungen, Zeitstrafen, Disqualifikationen, Unf\u00e4lle, das sind die wichtigsten Punkte, die durchgegangen werden m\u00fcssen. Gegen 14:30 haben wir es geschafft. Ich bin fast so k.o., als ob ich selbst mit gemacht h\u00e4tte und faulenze den Rest des Tages am Baggersee.<\/p>\n\n\n\n<p>Nachtrag 2008: Seit diesem Jahr haben die Gelben Karten (Verwarnung) wieder Konsequenzen, d.h., dreimal gelb bedeutet Disqualifikation!<\/p>\n\n\n\n<p>Christiane Selter<\/p>\n","protected":false},"excerpt":{"rendered":"<p>Wir treffen uns bereits um 06:30 Uhr an der Wechsel-Zone, besprechen die Eins\u00e4tze und gehen nochmals die Ausschreibung durch. Und dann nat\u00fcrlich die Kl\u00e4rung der wichtigsten Frage: Neo, ja oder nein? Die Wasser-Temperatur betr\u00e4gt 21,8\u00b0C, ein ganz klares JA!, die Grenze f\u00fcr eine olympische Distanz sind 21,9\u00b0C. Und schon kommen die ersten Triathleten zum Einchecken: [&hellip;]<\/p>\n","protected":false},"author":1,"featured_media":0,"parent":0,"menu_order":0,"comment_status":"closed","ping_status":"closed","template":"","meta":{"footnotes":""},"class_list":["post-630","page","type-page","status-publish","hentry"],"_links":{"self":[{"href":"https:\/\/www.djk-feudenheim.de\/Triathlon\/wp-json\/wp\/v2\/pages\/630","targetHints":{"allow":["GET"]}}],"collection":[{"href":"https:\/\/www.djk-feudenheim.de\/Triathlon\/wp-json\/wp\/v2\/pages"}],"about":[{"href":"https:\/\/www.djk-feudenheim.de\/Triathlon\/wp-json\/wp\/v2\/types\/page"}],"author":[{"embeddable":true,"href":"https:\/\/www.djk-feudenheim.de\/Triathlon\/wp-json\/wp\/v2\/users\/1"}],"replies":[{"embeddable":true,"href":"https:\/\/www.djk-feudenheim.de\/Triathlon\/wp-json\/wp\/v2\/comments?post=630"}],"version-history":[{"count":8,"href":"https:\/\/www.djk-feudenheim.de\/Triathlon\/wp-json\/wp\/v2\/pages\/630\/revisions"}],"predecessor-version":[{"id":1017,"href":"https:\/\/www.djk-feudenheim.de\/Triathlon\/wp-json\/wp\/v2\/pages\/630\/revisions\/1017"}],"wp:attachment":[{"href":"https:\/\/www.djk-feudenheim.de\/Triathlon\/wp-json\/wp\/v2\/media?parent=630"}],"curies":[{"name":"wp","href":"https:\/\/api.w.org\/{rel}","templated":true}]}}