{"id":7,"date":"2018-02-04T12:05:10","date_gmt":"2018-02-04T11:05:10","guid":{"rendered":"http:\/\/www.djk-feudenheim.de\/Triathlon\/test_lore\/wordpress\/?page_id=7"},"modified":"2022-04-29T17:53:41","modified_gmt":"2022-04-29T15:53:41","slug":"ueber_uns","status":"publish","type":"page","link":"https:\/\/www.djk-feudenheim.de\/Triathlon\/ueber_uns\/","title":{"rendered":"\u00dcber uns"},"content":{"rendered":"<p>Wir sind eine Abteilung der <a href=\"http:\/\/djk-feudenheim.de\" target=\"_blank\" rel=\"noopener\">DJK Feudenheim e.V.<\/a> in Mannheim.<\/p>\n<p><a href=\"http:\/\/www.djk-feudenheim.de\/Triathlon\/abteilungsbeitrag\/\" target=\"_blank\" rel=\"noopener\">Unsere Abteilungsbeitr\u00e4ge findet Ihr hier<\/a>\u00a0aufgelistet.<\/p>\n<p><a href=\"http:\/\/www.djk-feudenheim.de\/Triathlon\/berichte\/\" target=\"_blank\" rel=\"noopener\">Hier findet Ihr Berichte von Veranstaltungen<\/a>, an denen unsere Athleten teilgenommen haben.<\/p>\n<p>\u00a0<\/p>\n<p>Mitglieder unserer Abteilung erhalten Erm\u00e4\u00dfigungen beim Einkauf von Sportartikeln in folgenden Gesch\u00e4ften:<\/p>\n<ul>\n<li><a href=\"https:\/\/www.shop-brandmueller.de\/\" target=\"_blank\" rel=\"noopener\">Brandm\u00fcller Triathlon- und Laufshop<\/a>, Viernheim<\/li>\n<li><a href=\"https:\/\/www.engelhorn.de\/de-de\/alle\/sport\/\" target=\"_blank\" rel=\"noopener\">Engelhorn Sports Laufabteilung<\/a>, Mannheim<\/li>\n<li><a href=\"https:\/\/shop.zweirad-stadler.de\/Mannheim\/\" target=\"_blank\" rel=\"noopener\">Zweirad Stadler<\/a>, Mannheim<\/li>\n<\/ul>\n\n\n<p><\/p>\n","protected":false},"excerpt":{"rendered":"<p>Wir sind eine Abteilung der DJK Feudenheim e.V. in Mannheim. Unsere Abteilungsbeitr\u00e4ge findet Ihr hier\u00a0aufgelistet. Hier findet Ihr Berichte von Veranstaltungen, an denen unsere Athleten teilgenommen haben. \u00a0 Mitglieder unserer Abteilung erhalten Erm\u00e4\u00dfigungen beim Einkauf von Sportartikeln in folgenden Gesch\u00e4ften: Brandm\u00fcller Triathlon- und Laufshop, Viernheim Engelhorn Sports Laufabteilung, Mannheim Zweirad Stadler, Mannheim<\/p>\n","protected":false},"author":1,"featured_media":0,"parent":0,"menu_order":0,"comment_status":"closed","ping_status":"closed","template":"","meta":{"footnotes":""},"class_list":["post-7","page","type-page","status-publish","hentry"],"_links":{"self":[{"href":"https:\/\/www.djk-feudenheim.de\/Triathlon\/wp-json\/wp\/v2\/pages\/7","targetHints":{"allow":["GET"]}}],"collection":[{"href":"https:\/\/www.djk-feudenheim.de\/Triathlon\/wp-json\/wp\/v2\/pages"}],"about":[{"href":"https:\/\/www.djk-feudenheim.de\/Triathlon\/wp-json\/wp\/v2\/types\/page"}],"author":[{"embeddable":true,"href":"https:\/\/www.djk-feudenheim.de\/Triathlon\/wp-json\/wp\/v2\/users\/1"}],"replies":[{"embeddable":true,"href":"https:\/\/www.djk-feudenheim.de\/Triathlon\/wp-json\/wp\/v2\/comments?post=7"}],"version-history":[{"count":21,"href":"https:\/\/www.djk-feudenheim.de\/Triathlon\/wp-json\/wp\/v2\/pages\/7\/revisions"}],"predecessor-version":[{"id":970,"href":"https:\/\/www.djk-feudenheim.de\/Triathlon\/wp-json\/wp\/v2\/pages\/7\/revisions\/970"}],"wp:attachment":[{"href":"https:\/\/www.djk-feudenheim.de\/Triathlon\/wp-json\/wp\/v2\/media?parent=7"}],"curies":[{"name":"wp","href":"https:\/\/api.w.org\/{rel}","templated":true}]}}