{"id":746,"date":"2022-02-15T19:10:03","date_gmt":"2022-02-15T18:10:03","guid":{"rendered":"https:\/\/www.djk-feudenheim.de\/Triathlon\/test_lore\/wordpress\/?page_id=746"},"modified":"2022-04-30T12:00:27","modified_gmt":"2022-04-30T10:00:27","slug":"2007-neworleans-rolf","status":"publish","type":"page","link":"https:\/\/www.djk-feudenheim.de\/Triathlon\/2007-neworleans-rolf\/","title":{"rendered":"New Orleans Mardi Gras Marathon\/Halfmarathon<br \/>Feb. 25, 2007"},"content":{"rendered":"\n<p>&#8222;Welcome to the beautiful South&#8220;<\/p>\n\n\n\n<p><img decoding=\"async\" src=\"https:\/\/www.djk-feudenheim.de\/Triathlon\/daten\/bilder_zu_berichten\/new-orleans-01.jpg\" vspace=\"10\" hspace=\"10\" align=\"left\"> Durch Zufall schaue ich am Dienstag in\u2019s Internet &#8222;running in US&#8220; unter LA und finde doch tats\u00e4chlich den New Orleans Mardi Gras Marathon\/ Halfmarathon am kommenden Sonntag. Anmeldung nur noch vor Ort m\u00f6glich.<\/p>\n\n\n\n<p>New Orleans ist doch diese sagenumwobene Stadt direkt im Mississippi\u2013Delta wo der schwarze Jazz zu Hause ist und die 2006 in so traurige Erinnerung kam, als die Stadt, die von den Folgen des Wirbelsturms \u201eKathrina\u201c so \u00fcberaus heftig getroffen wurde. Wir haben die Bilder vom Louisiana Superdome in der Stadt noch vor uns, der als Auffanglager f\u00fcr Tausende Obdachloser diente, deren H\u00e4user \u00fcberflutet waren.<\/p>\n\n\n\n<p>Auch der Marathon ist 2006 aus diesem Grund leider ausgefallen. Die Leute hatten andere Sorgen.<\/p>\n\n\n\n<p>Diese Stadt laufend zu erforschen, hat schon einen Reiz. Start und Ziel direkt am Superdome, die Laufstrecke durch French Quarter mit Burbon Street, Canal Street und durch die Vororte.<\/p>\n\n\n\n<p>Eigentlich bin ich nicht fit \u2013 die letzten Wochen so gut wie nix trainiert und immer noch mit den R\u00fcckst\u00e4nden einer \u00fcblen Erk\u00e4ltung in den Socken. Der Zielschlu\u00df von 4 Stunden ! ! ! f\u00fcr den Halbmarathon lassen mich dann aber doch wieder Zutrauen finden. Aber Holla !! wenn das nimmer geht!! Unter 2 Stunden w\u00e4r\u2019 doch gut. Den Ganzen will ich mir momentan dann doch nicht zumuten. Und wie J\u00fcrgen richtig sagt: &#8222;die laufen dort in Meilen!&#8220; Also: uffbasse&#8230;.. Au\u00dferdem: nagelneue Schuhe!<br>Soweit die Randbedingungen.<\/p>\n\n\n\n<p><img decoding=\"async\" src=\"https:\/\/www.djk-feudenheim.de\/Triathlon\/daten\/bilder_zu_berichten\/new-orleans-02.jpg\" vspace=\"10\" hspace=\"10\" align=\"right\"> Start ist um 7:00 Uhr morgens! Bitte fr\u00fchzeitig da sein, damit das mit dem Parkplatz am Superdome klappt. Ich stand dann ca. 250 Fu\u00df vom Start weg, schlie\u00dflich war ich um 3:30 Uhr aufgestanden.<\/p>\n\n\n\n<p>Drei Minuten vor dem Start die Worte des B\u00fcrgermeisters anschlie\u00dfend drehen wir uns alle zur Flagge \u2013 alle!! nehmen die Kappen ab \u2013 und wir singen\/h\u00f6ren alle gemeinsam die Amerikanische Nationalhymne. Was f\u00fcr ein Gef\u00fchl auch f\u00fcr mich als Teilzeitami! Geil.<\/p>\n\n\n\n<p><img decoding=\"async\" src=\"https:\/\/www.djk-feudenheim.de\/Triathlon\/daten\/bilder_zu_berichten\/new-orleans-03.jpg\" vspace=\"10\" hspace=\"10\" align=\"left\"> &#8230;und ab geht\u2019s. Die ersten Meilen durch Downtown New Orleans mit seinen Jazzkneipen und Burbon Street langsam so mit 5:30 f\u00fcr den km zum Rhythmus finden. Au\u00dferdem gibts viel zu sehen. Alles wieder sch\u00f6n hergerichtet \u2013 Tourismus ist hier eben doch ein Faktor. Wie steht in der Ausschreibung: Recover. Rebuild. ReNew.<\/p>\n\n\n\n<p>Danach geht\u2019s raus in die Vororte und den City Park. Landschaftlich einsame Klasse wenn auch sehr, sehr viele wundersch\u00f6ne, alte Holzh\u00e4user aus der Jahrhundertwende wohl nie mehr restauriert werden. Jammerschade, aber die Leute sind nach Kathrina weg; haben anderswo neue, einfachere Wurzeln gefunden. So verrotten dort wahre architektonische Sch\u00e4tze entlang der Stra\u00dfen.<\/p>\n\n\n\n<p>Bei Meile 5 kommt uns die Spitze auf der anderen Stra\u00dfenseite entgegen, die dort schon \u00fcber 9 Meilen gelaufen sind. Ein Jubel geht durch die Menge. \u00dcberhaupt hat nicht nur das Laufen hier in US eine sehr <img decoding=\"async\" src=\"https:\/\/www.djk-feudenheim.de\/Triathlon\/daten\/bilder_zu_berichten\/new-orleans-04.jpg\" vspace=\"10\" hspace=\"10\" align=\"right\"> angenehme Seite. Speziell hier im S\u00fcden. Die Leute sind sehr freundlich und feuern jeden an. \u201eKeep it up\u201c, \u201eDoing great\u201c, \u201ecome on, let\u2019s go\u201c und auch die L\u00e4ufer selber bedanken sich sehr h\u00e4ufig bei den meist freiwilligen Polizisten, die die Stra\u00dfen sperren. \u201eThank you so much for being here\u201c \u2013 \u201eYou are welcome\u201c. So h\u00f6rt sich ein typische Wortwechsel zwischen L\u00e4ufer und Polizisten an. Die Art und Weise miteinander umzugehen ist schon klasse.<\/p>\n\n\n\n<p>Bei Meile 10 verlassen wir den wundersch\u00f6nen City Park wieder. Dort sehen wir auch das Trio auf der Gegenseite, das den Abschlu\u00df des Feldes bildet \u2013 mit dem Besenwagen direkt dahinter. Die drei M\u00e4dels sind da gerade mal bei Meile 4 und bringen es gemeinsam auf vorsichtig gesch\u00e4tzte 500kg. Man lernt hier ja wirklich, tolerant zu sein. \u201eDoing great, Ladies. Doing great.\u201d Hmmmm&#8230;.. Jetzt machen auch die 4 Stunden wieder Sinn. <img decoding=\"async\" src=\"https:\/\/www.djk-feudenheim.de\/Triathlon\/daten\/bilder_zu_berichten\/new-orleans-05.jpg\" vspace=\"10\" hspace=\"10\" align=\"left\"> Jetzt nur noch zur\u00fcck zum Superdome. Die Stra\u00dfen wechseln, das Gesamtbild bleibt. Herrliche H\u00e4userz\u00fcge mit dicken Eichen vor den Holzh\u00e4usern (Onkel Tom l\u00e4sst gr\u00fc\u00dfen), aber eben viele davon auch \u201edown\u201c, wechseln mit Industriewelt. Die \u00fcberall im Stra\u00dfenbelag eingebetteten Muschelschalen lassen die Meern\u00e4he von New Orleans erahnen.<\/p>\n\n\n\n<p>Der Zieleinlauf ist dann wieder von Menschen ges\u00e4umt. Zieleinlauf, Medaille, Trinken, Essen (Subway ist einer der Hauptsponsoren), langsam Runterfahren. Ich bin soooo zufrieden.<\/p>\n\n\n\n<p>Am Auto ( .. steht ja in der N\u00e4he ) spricht mich noch einer der Funktion\u00e4re des NOTC (New Orleans Track Club) an und gratuliert mir. Wir unterhalten uns noch eine Dreiviertelstunde und nehmen uns beide zum Abschlu\u00df das Versprechen ab, uns im M\u00e4rz beim 20k\u2013Run wiederzutreffen.<\/p>\n\n\n\n<p><img decoding=\"async\" src=\"https:\/\/www.djk-feudenheim.de\/Triathlon\/daten\/bilder_zu_berichten\/new-orleans-06.jpg\" vspace=\"10\" hspace=\"10\" align=\"left\">Hat gut getan, einfach noch mit jemandem die Emotionen auszutauschen. &#8230; war eine sch\u00f6ne Art, die gro\u00dfe, kleine Stadt New Orleans ein wenig kennen zu lernen. Ich werde sie mir noch etwas genauer ansehen.<\/p>\n\n\n\n<p><\/p>\n\n\n\n<h5 class=\"wp-block-heading\" id=\"ach-ja-die-nuchternen-zahlen\">Ach, ja, die n\u00fcchternen Zahlen:<\/h5>\n\n\n\n<p>Zeit:   1:54:20 <br>Platzierung gesamt:   318\/1729<\/p>\n\n\n\n<p>&#8230;.. und wirklich niemanden, aber auch garniemanden Bekanntes getroffen. Aber: &#8222;Fremde sind Freunde, die man noch nicht kennt.&#8220;<\/p>\n\n\n\n<p>Rolf Mohr<\/p>\n","protected":false},"excerpt":{"rendered":"<p>&#8222;Welcome to the beautiful South&#8220; Durch Zufall schaue ich am Dienstag in\u2019s Internet &#8222;running in US&#8220; unter LA und finde doch tats\u00e4chlich den New Orleans Mardi Gras Marathon\/ Halfmarathon am kommenden Sonntag. Anmeldung nur noch vor Ort m\u00f6glich. New Orleans ist doch diese sagenumwobene Stadt direkt im Mississippi\u2013Delta wo der schwarze Jazz zu Hause ist [&hellip;]<\/p>\n","protected":false},"author":1,"featured_media":0,"parent":0,"menu_order":0,"comment_status":"closed","ping_status":"closed","template":"","meta":{"footnotes":""},"class_list":["post-746","page","type-page","status-publish","hentry"],"_links":{"self":[{"href":"https:\/\/www.djk-feudenheim.de\/Triathlon\/wp-json\/wp\/v2\/pages\/746","targetHints":{"allow":["GET"]}}],"collection":[{"href":"https:\/\/www.djk-feudenheim.de\/Triathlon\/wp-json\/wp\/v2\/pages"}],"about":[{"href":"https:\/\/www.djk-feudenheim.de\/Triathlon\/wp-json\/wp\/v2\/types\/page"}],"author":[{"embeddable":true,"href":"https:\/\/www.djk-feudenheim.de\/Triathlon\/wp-json\/wp\/v2\/users\/1"}],"replies":[{"embeddable":true,"href":"https:\/\/www.djk-feudenheim.de\/Triathlon\/wp-json\/wp\/v2\/comments?post=746"}],"version-history":[{"count":14,"href":"https:\/\/www.djk-feudenheim.de\/Triathlon\/wp-json\/wp\/v2\/pages\/746\/revisions"}],"predecessor-version":[{"id":1019,"href":"https:\/\/www.djk-feudenheim.de\/Triathlon\/wp-json\/wp\/v2\/pages\/746\/revisions\/1019"}],"wp:attachment":[{"href":"https:\/\/www.djk-feudenheim.de\/Triathlon\/wp-json\/wp\/v2\/media?parent=746"}],"curies":[{"name":"wp","href":"https:\/\/api.w.org\/{rel}","templated":true}]}}