{"id":835,"date":"2022-02-19T11:37:30","date_gmt":"2022-02-19T10:37:30","guid":{"rendered":"https:\/\/www.djk-feudenheim.de\/Triathlon\/test_lore\/wordpress\/?page_id=835"},"modified":"2022-02-19T11:47:56","modified_gmt":"2022-02-19T10:47:56","slug":"2006-heidelberg-rolf","status":"publish","type":"page","link":"https:\/\/www.djk-feudenheim.de\/Triathlon\/2006-heidelberg-rolf\/","title":{"rendered":"Eindr\u00fccke beim Halbmarathon in Heidelberg am 30.4.2006"},"content":{"rendered":"\n<p>&#8230; manche Leute mu\u00df man zu ihrem Gl\u00fcck \u00fcberreden &#8230;<\/p>\n\n\n\n<p>Eigentlich war auch dieses Jahr der Halbmarathon in Heidelberg nicht im Trainingsplan vorgesehen. Auch die letzten Jahre hatte ich immer abgewunken: zu schwer und zu kurz vor dem MLP-Marathon &#8211; nicht, dass dort die K\u00f6rner fehlen &#8230;<\/p>\n\n\n\n<p>Ungl\u00fccklicherweise kam bei Hubert eine Konfirmation dazwischen und nach kurzem eindringlichem \u00dcberreden beim langen Lauf eine Woche vorher hatte ich seinen Startplatz f\u00fcr Heidelberg. Die regul\u00e4re Anmeldung wurde Anfang Februar nach 5 Tagen wieder geschlossen, weil das Limit von 3 000 L\u00e4ufern erreicht war. Das spricht f\u00fcr sich &#8230;<\/p>\n\n\n\n<p>In der Woche vor dem Lauf setze ich mich intensiv mit der Sache auseinander. Ich mach das immer so und versuche mich dabei nicht verr\u00fcckt zu machen. &#8222;Es reicht ja, wenn du nur 90% gehst.&#8220;<\/p>\n\n\n\n<p>Theoretisch ist alles klar und mit unz\u00e4hligen Tipps meiner Lauffreunde satt untermauert: &#8222;&#8230; die ersten 7-8 km geht&#8217;s flach und dann dr\u00fcben den Philosophenweg hoch\u2026mach&#8216; langsam, die Steigung ist 4 km lang und am Anfang gleich eine satte Rampe. Oben angekommen geht&#8217;s gleich wieder runter. Uffbasse, dass disch die B\u00e4\u00e4 net iwwerhole\u2026bis runter nach Ziegelhausen und Schlierbach. Dann noch mal so 4 km zum Schloss hoch und im senkrechten Fall vom Schloss zum Ziel am Uniplatz. Die zweite Steigung hat&#8217;s in sich !! unten ist gleich wieder eine Rampe &#8230;&#8220; So oder so \u00e4hnlich klangen alle Laufberichte. Die Streckenbeschreibung best\u00e4tigt das.<\/p>\n\n\n\n<p>Sonntag, 30. April &#8211; wir fahren nach Heidelberg und laufen vom Parkhaus die Hauptstra\u00dfe entlang &#8211; fast menschenleer. Dort werden wir eine knappe Stunde sp\u00e4ter durchlaufen. Ca. 10 Grad, trocken: ideales Laufwetter.<\/p>\n\n\n\n<p>Die normale Prozedur vor dem Start &#8211; klasse Organisation \u00fcbrigens &#8211; und wiederholtes Abw\u00e4gen: was zieht man an??? Die urspr\u00fcngliche Wahl: kurz\/kurz mit ner Weste dr\u00fcber wurde nochmals zu ungunsten der Weste modifiziert zu nur kurz\/kurz und ab geht die Post frierend zum Startblock; die Jungs vom DJK mit dabei. Unterwegs noch ein paar Kollegen getroffen: &#8222;&#8230;alles Gute und wir sehen uns&#8230;&#8220;.<\/p>\n\n\n\n<p>Die letzten Sekunden werden wie immer runtergez\u00e4hlt und los geht&#8217;s. Mir ist immer noch kalt! O-Ton K\u00fcbi: &#8220; nach der Hauptstra\u00dfe ist dir warm\u2026&#8220;. Stimmt. Gute Kleiderwahl !!<\/p>\n\n\n\n<p>Wir laufen durch die Altstadt vorbei an dichten Menschentrauben \u00fcber die alte Br\u00fccke nach Neuenheim und von dort zur\u00fcck zum Philosophenweg. Die erste, besagte Rampe hab&#8216; ich sofort erkannt. Abrupt geht es steil bergauf und gleichzeitig um die Kurve &#8211; Serpentinen folgen. Mir ist warm und es geht eigentlich ganz gut. Die Strecke verschwindet im Wald und geht dort durch Hochwald, dessen Bl\u00e4tter gerade aufbrechen zum h\u00f6chsten Punkt. Dort (uffbasse, dass disch\u2026..) soll es die n\u00e4chsten 4 km teilweise steil bergab gehen. Nach ca. 2 km (ich laufe gerne bergab mit meinen etwas l\u00e4ngeren Beinen) geht&#8217;s in eine Senke und &#8211; Sch\u2026.. dr\u00fcben &#8211; wie senkrecht &#8211; ca. 500m wieder hoch!!!? Das gibt die Theorie nicht her!! Das hat mir keiner gesagt! Ich bin so baff, dass ich erst mal stehen bleibe und mir das angucke. Gipsnich!! Ich gehe. Nach. 100m trabe ich kopfsch\u00fcttelnd wieder an und laufe mit Maximalpuls oben an der Tr\u00e4nke ein. &#8222;Jetzt geht&#8217;s bloss noch nunner&#8230;&#8220; sagt mir ein netter Wassermensch, der meine Verzweiflung sehen kann. Alla, dann: lange Schritte bergab, flach durch Ziegelhausen nach Schlierbach und dort vor dem letzten Anstieg die mitgebrachte Cola ohne Blubber reinziehen (guter Tip von Hubert) und schon l\u00e4uft die Steigung erfreulich glatt, obwohl sie sich dann doch ziemlich in die L\u00e4nge zieht. Sch\u00f6ne H\u00e4user stehen hier so mit Porsches davor und so und das Publikum ist immer noch begeistert dabei. \u00dcberhaupt machen die Zuschauer einen gro\u00dfen Teil des Reizes dieses Laufes aus.<\/p>\n\n\n\n<p>Seit der letzten Tr\u00e4nke \u00fcberhole ich fast kontinuierlich und beim abschlie\u00dfenden Show-down auf Kopfsteinpflaster den Schlossbuckel runter lasse ich&#8217;s noch mal laufen. Abschlie\u00dfend lassen wir uns von der begeisternden Menschenmenge durch die Hauptstra\u00dfe tragen. Eine ph\u00e4nomenale Stimmung bei wundersch\u00f6nem Fr\u00fchlingswetter in der Altstadt. G\u00e4nsehaut bei km 20. Ein kurzer Endspurt und das Gl\u00fcck hat leider schon ein Ende.<\/p>\n\n\n\n<p>Nach dem Lauf treffe ich alle wieder und blicke eigentlich nur in gl\u00fcckliche und zufriedene Gesichter. 1:56:39 brutto f\u00fcr 90% ;-)) &#8211; auch ich bin zufrieden!<\/p>\n\n\n\n<p>Der Lauf aus DJK-Sicht in n\u00fcchternen Zahlen:<\/p>\n\n\n\n<figure class=\"wp-block-table\"><table><tbody><tr><td>220<\/td><td>Blank, Lothar<\/td><td>1963<\/td><td>01:55:44<\/td><td>M40<\/td><\/tr><tr><td>953<\/td><td>Hauschild, Stefan<\/td><td>1962<\/td><td>01:46:53<\/td><td>M40<\/td><\/tr><tr><td>1264<\/td><td>Kattermann, Siegfried<\/td><td>1953<\/td><td>02:03:18<\/td><td>M50<\/td><\/tr><tr><td>1355<\/td><td>Kl\u00fcber, Franz<\/td><td>1951<\/td><td>01:59:57<\/td><td>M55<\/td><\/tr><tr><td>1400<\/td><td>Kohr, G\u00fcnter<\/td><td>1955<\/td><td>01:53:57<\/td><td>M50<\/td><\/tr><tr><td>1717<\/td><td>M\u00e4rkle, Klaus<\/td><td>1971<\/td><td>01:34:43<\/td><td>M35<\/td><\/tr><tr><td>1828<\/td><td>Mohr, Rolf<\/td><td>1956<\/td><td>01:56:39<\/td><td>M50<\/td><\/tr><tr><td>1929<\/td><td>Nimtz, Ralf<\/td><td>1969<\/td><td>02:17:03<\/td><td>M35<\/td><\/tr><tr><td>2001<\/td><td>Peckolt, Ulrich<\/td><td>1947<\/td><td>02:05:33<\/td><td>M55<\/td><\/tr><tr><td>2433<\/td><td>Sch\u00f6ffel, J\u00fcrgen<\/td><td>1947<\/td><td>01:47:16<\/td><td>M55<\/td><\/tr><tr><td>1624<\/td><td>Liebermann, Claus<\/td><td>1953<\/td><td>01:37:39<\/td><td>M50<\/td><\/tr><\/tbody><\/table><\/figure>\n\n\n\n<p><strong>61. Platz: DJK Feudenheim &#8211; 5.08.52 Stunden<\/strong><br>M\u00e4rkle Klaus &#8211; Hauschild Stefan &#8211; Sch\u00f6ffel J\u00fcrgen<br>1.34.43 &#8211; 1.46.53 &#8211; 1.47.16<\/p>\n\n\n\n<p><strong>159. Platz: DJK Feudenheim &#8211; 5.46.20 Stunden<\/strong><br>Kohr G\u00fcnter &#8211; Blank Lothar &#8211; Mohr Rolf<br>1.53.57 &#8211; 1.55.44 &#8211; 1.56.39<\/p>\n\n\n\n<p><strong>225. Platz: DJK Feudenheim &#8211; 6.08.48 Stunden<\/strong><br>Kl\u00fcber Franz &#8211; Kattermann Siegfried &#8211; Peckolt Ulrich<br>1.59.57 &#8211; 2.03.18 &#8211; 2.05.33<\/p>\n\n\n\n<p>Fazit: ein landschaftlich und emotional wundersch\u00f6ner Lauf, hervorragend organisiert mit klasse Publikum &#8211; nur zu empfehlen!! Allerdings sollte man vorher schon mal einige H\u00f6henmeter und Rhythmuswechsel trainiert haben.<\/p>\n\n\n\n<p>Vielen Dank, Hubert!<\/p>\n\n\n\n<p>Rolf Mohr<\/p>\n","protected":false},"excerpt":{"rendered":"<p>&#8230; manche Leute mu\u00df man zu ihrem Gl\u00fcck \u00fcberreden &#8230; Eigentlich war auch dieses Jahr der Halbmarathon in Heidelberg nicht im Trainingsplan vorgesehen. Auch die letzten Jahre hatte ich immer abgewunken: zu schwer und zu kurz vor dem MLP-Marathon &#8211; nicht, dass dort die K\u00f6rner fehlen &#8230; Ungl\u00fccklicherweise kam bei Hubert eine Konfirmation dazwischen und [&hellip;]<\/p>\n","protected":false},"author":1,"featured_media":0,"parent":0,"menu_order":0,"comment_status":"closed","ping_status":"closed","template":"","meta":{"footnotes":""},"class_list":["post-835","page","type-page","status-publish","hentry"],"_links":{"self":[{"href":"https:\/\/www.djk-feudenheim.de\/Triathlon\/wp-json\/wp\/v2\/pages\/835","targetHints":{"allow":["GET"]}}],"collection":[{"href":"https:\/\/www.djk-feudenheim.de\/Triathlon\/wp-json\/wp\/v2\/pages"}],"about":[{"href":"https:\/\/www.djk-feudenheim.de\/Triathlon\/wp-json\/wp\/v2\/types\/page"}],"author":[{"embeddable":true,"href":"https:\/\/www.djk-feudenheim.de\/Triathlon\/wp-json\/wp\/v2\/users\/1"}],"replies":[{"embeddable":true,"href":"https:\/\/www.djk-feudenheim.de\/Triathlon\/wp-json\/wp\/v2\/comments?post=835"}],"version-history":[{"count":6,"href":"https:\/\/www.djk-feudenheim.de\/Triathlon\/wp-json\/wp\/v2\/pages\/835\/revisions"}],"predecessor-version":[{"id":846,"href":"https:\/\/www.djk-feudenheim.de\/Triathlon\/wp-json\/wp\/v2\/pages\/835\/revisions\/846"}],"wp:attachment":[{"href":"https:\/\/www.djk-feudenheim.de\/Triathlon\/wp-json\/wp\/v2\/media?parent=835"}],"curies":[{"name":"wp","href":"https:\/\/api.w.org\/{rel}","templated":true}]}}