{"id":848,"date":"2022-02-19T11:53:11","date_gmt":"2022-02-19T10:53:11","guid":{"rendered":"https:\/\/www.djk-feudenheim.de\/Triathlon\/test_lore\/wordpress\/?page_id=848"},"modified":"2022-04-30T12:04:45","modified_gmt":"2022-04-30T10:04:45","slug":"2006-worms-andreas","status":"publish","type":"page","link":"https:\/\/www.djk-feudenheim.de\/Triathlon\/2006-worms-andreas\/","title":{"rendered":"K\u00e4pt&#8217;n , Power und ich &#8211;<br \/>Halbmarathon in Worms am 10.09.2006"},"content":{"rendered":"\n<p><img decoding=\"async\" src=\"https:\/\/www.djk-feudenheim.de\/Triathlon\/daten\/bilder_zu_berichten\/halbmarathon-worms-2006-01.jpg\" vspace=\"10\" hspace=\"10\" align=\"right\"> Irgendwann im Training bekam ich mit, dass Regina Gremmelspacher (&#8222;Power&#8220;) und Rolf Siegel (&#8222;K\u00e4pt&#8217;n&#8220;) sich f\u00fcr den Halbmarathon in Worms angemeldet hatten. Als Nachz\u00fcgler (wie immer) meldete ich mich nat\u00fcrlich auch an.<\/p>\n\n\n\n<p>Einen Tag nach meiner Urlaubsr\u00fcckkehr vom Titisee sollte das Event stattfinden. Ich hatte angeboten, alle zu chauffieren: Um 8:00 Uhr war ich p\u00fcnktlich bei Rolf und kurz darauf bei Regina, wo uns Rainer (Reginas Mann) mit einem Fitness-M\u00fcsli empfing! Sehr lecker und sogar selbst zubereitet. Mit dieser Energie-Spritze konnte ja eigentlich nichts mehr schief gehen.<\/p>\n\n\n\n<p>Nach diesem gem\u00fctlichen Fr\u00fchst\u00fcck begleitete uns Rainer als Betreuer und Kameramann. Auf der Hinfahrt f\u00fchlten wir uns wie Stars im VIP-Shuttle. Parkplatzm\u00f6glichkeiten waren vor Ort ideal &#8211; der 1. Eindruck vom Event: super! Erstmal holten wir unsere Startnummern, dann machten wir uns am Auto startklar. Wir freuten uns sehr \u00fcber unsere Startnummern 91, 92, 93 &#8211; eigentlich verpflichtend zum gemeinsamen Zieleinlauf. Kurz noch Abklatschen, Startschuss und los!<\/p>\n\n\n\n<p>Relativ schnell ging&#8217;s voran und st\u00e4ndig waren wir am \u00dcberholen. Das machte besonders Regina Spa\u00df. Zuerst ging es durch die City mit vielen Kurven und engen Gassen, danach raus in die Natur durch Wald und Felder. Km 4 war rucki-zucki erreicht. Bis km 10 hielt ich ganz gut mit (siehe Foto: alle l\u00e4cheln und haben super K\u00f6rperhaltung!).<\/p>\n\n\n\n<p>Da ich jedoch ab km 11 &#8211; trotz M\u00fcsli &#8211; schwere Beine bekam, konnte ich mit den beiden nicht mehr mithalten. Ich behielt beide jedoch noch eine Weile im Auge mit dem Hintergedanken, dass &#8222;doch noch was geht&#8220;.<\/p>\n\n\n\n<p>Rolf und Regina hatten jedoch flei\u00dfig trainiert und einen klasse Tag erwischt (M\u00fcsli?). Ich schaffte es nicht, zu ihnen aufzuschlie\u00dfen. Schade eigentlich, bei unseren Startnummern! Beide finishten jeweils mit Bestzeit: 1:47!! Meine Zeit: 1:54 &#8211; auch nicht schlecht, trotz schwerer Beine. Ich war zufrieden.<\/p>\n\n\n\n<p>Stolz auf meinen gro\u00dfen Laufbruder Rolf und auf meine Laufschwester Regina fuhr ich die beiden wieder nach Hause!<\/p>\n\n\n\n<p>\u00dcbrigens: Regina wurde 4. ihrer Klasse, Rolf 8. seiner Klasse.<\/p>\n\n\n\n<p>Fazit: Das sch\u00f6ne Foto von uns wird auf jeden Fall gerahmt und immer eine sch\u00f6ne Erinnerung an K\u00e4pt&#8217;n , Power und mich sein.<\/p>\n\n\n\n<p>Andreas Kambouris<\/p>\n","protected":false},"excerpt":{"rendered":"<p>Irgendwann im Training bekam ich mit, dass Regina Gremmelspacher (&#8222;Power&#8220;) und Rolf Siegel (&#8222;K\u00e4pt&#8217;n&#8220;) sich f\u00fcr den Halbmarathon in Worms angemeldet hatten. Als Nachz\u00fcgler (wie immer) meldete ich mich nat\u00fcrlich auch an. Einen Tag nach meiner Urlaubsr\u00fcckkehr vom Titisee sollte das Event stattfinden. Ich hatte angeboten, alle zu chauffieren: Um 8:00 Uhr war ich p\u00fcnktlich [&hellip;]<\/p>\n","protected":false},"author":1,"featured_media":0,"parent":0,"menu_order":0,"comment_status":"closed","ping_status":"closed","template":"","meta":{"footnotes":""},"class_list":["post-848","page","type-page","status-publish","hentry"],"_links":{"self":[{"href":"https:\/\/www.djk-feudenheim.de\/Triathlon\/wp-json\/wp\/v2\/pages\/848","targetHints":{"allow":["GET"]}}],"collection":[{"href":"https:\/\/www.djk-feudenheim.de\/Triathlon\/wp-json\/wp\/v2\/pages"}],"about":[{"href":"https:\/\/www.djk-feudenheim.de\/Triathlon\/wp-json\/wp\/v2\/types\/page"}],"author":[{"embeddable":true,"href":"https:\/\/www.djk-feudenheim.de\/Triathlon\/wp-json\/wp\/v2\/users\/1"}],"replies":[{"embeddable":true,"href":"https:\/\/www.djk-feudenheim.de\/Triathlon\/wp-json\/wp\/v2\/comments?post=848"}],"version-history":[{"count":5,"href":"https:\/\/www.djk-feudenheim.de\/Triathlon\/wp-json\/wp\/v2\/pages\/848\/revisions"}],"predecessor-version":[{"id":1024,"href":"https:\/\/www.djk-feudenheim.de\/Triathlon\/wp-json\/wp\/v2\/pages\/848\/revisions\/1024"}],"wp:attachment":[{"href":"https:\/\/www.djk-feudenheim.de\/Triathlon\/wp-json\/wp\/v2\/media?parent=848"}],"curies":[{"name":"wp","href":"https:\/\/api.w.org\/{rel}","templated":true}]}}